{"id":4023,"date":"2023-09-06T19:20:36","date_gmt":"2023-09-06T18:20:36","guid":{"rendered":"https:\/\/www.alandsbutiken.com\/groessentabellen\/"},"modified":"2026-01-12T17:45:30","modified_gmt":"2026-01-12T15:45:30","slug":"groessentabellen","status":"publish","type":"page","link":"https:\/\/www.alandsbutiken.com\/de\/hilfe\/groessentabellen\/","title":{"rendered":"Gr\u00f6\u00dfentabellen \u2013 Damen, Herren &#038; Kinder"},"content":{"rendered":"\n\n  <div class=\"banner has-hover\" id=\"banner-915932154\">\n          <div class=\"banner-inner fill\">\n        <div class=\"banner-bg fill\" >\n            <img loading=\"lazy\" decoding=\"async\" width=\"1020\" height=\"612\" src=\"https:\/\/media.alandsbutiken.com\/storlekstabeller\/storlekstabeller_alandsbutiken_head_utan_text-1334x800.jpg\" class=\"bg attachment-large size-large\" alt=\"Storlekstabeller \u00c5landsbutiken\" \/>                                    \n                    <\/div>\n\t\t\n        <div class=\"banner-layers container\">\n            <div class=\"fill banner-link\"><\/div>            \n\n   <div id=\"text-box-751448358\" class=\"text-box banner-layer x50 md-x50 lg-x50 y50 md-y50 lg-y50 res-text\">\n                                <div class=\"text-box-content text dark\">\n              \n              <div class=\"text-inner text-center\">\n                  \n\n<br><h3 class=\"uppercase\"><strong>Gr\u00f6\u00dfentabellen \u2013 Damen, Herren &#038; Kinder<\/strong><\/h3><br><br>\n\n              <\/div>\n           <\/div>\n                            \n<style>\n#text-box-751448358 {\n  width: 73%;\n}\n#text-box-751448358 .text-box-content {\n  font-size: 100%;\n}\n<\/style>\n    <\/div>\n \n\n        <\/div>\n      <\/div>\n\n            \n<style>\n#banner-915932154 {\n  padding-top: 774px;\n  background-color: rgb(255,255,255);\n}\n#banner-915932154 .banner-bg img {\n  object-position: 66% 58%;\n}\n<\/style>\n  <\/div>\n\n\n\t<div id=\"text-2406681331\" class=\"text\">\n\t\t\n\n<p>&nbsp;<\/p><br><p><span style=\"font-size: 110%;\"><strong>Gr\u00f6\u00dfentabellen<\/strong> \u2013 hier helfen wir dir, die richtige Gr\u00f6\u00dfe f\u00fcr <strong>Damen<\/strong>, <strong>Herren<\/strong> und <strong>Kinder<\/strong> zu finden.<\/span><\/p><br><p>Miss deine K\u00f6rperma\u00dfe, vergleiche sie in der Tabelle und w\u00e4hle direkt die passende Gr\u00f6\u00dfe.<\/p><br><p>Tipp: Liegt deine Gr\u00f6\u00dfe zwischen zwei Gr\u00f6\u00dfen? W\u00e4hle oft die gr\u00f6\u00dfere f\u00fcr eine lockerere Passform \u2013 oder die kleinere, wenn das Kleidungsst\u00fcck enger sitzen soll.<\/p><br>\n\t\t\n<style>\n#text-2406681331 {\n  text-align: center;\n}\n<\/style>\n\t<\/div>\n\t\n<div class=\"row\"  id=\"row-1752695618\">\n\n\n\t<div id=\"col-615948121\" class=\"col medium-4 small-12 large-4\"  >\n\t\t\t\t<div class=\"col-inner\"  >\n\t\t\t\n\t\t\t\n\n\n  <div class=\"banner has-hover\" id=\"banner-411332646\">\n          <div class=\"banner-inner fill\">\n        <div class=\"banner-bg fill\" >\n            <img loading=\"lazy\" decoding=\"async\" width=\"1020\" height=\"680\" src=\"https:\/\/media.alandsbutiken.com\/storlekstabeller\/pretty-woman-1509956_1920-1200x800.jpg\" class=\"bg attachment-large size-large\" alt=\"\" \/>                        <div class=\"overlay\"><\/div>            \n                    <\/div>\n\t\t\n        <div class=\"banner-layers container\">\n            <div class=\"fill banner-link\"><\/div>            \n\n   <div id=\"text-box-1954069854\" class=\"text-box banner-layer x50 md-x50 lg-x50 y50 md-y50 lg-y50 res-text\">\n                                <div class=\"text-box-content text dark\">\n              \n              <div class=\"text-inner text-center\">\n                  \n\n<h2 class=\"uppercase\"><strong>FRAU<\/strong><\/h2>\n<a class=\"button primary is-shade is-larger box-shadow-4 box-shadow-5-hover\" style=\"border-radius:10px;\">\n\t\t<span>Zeigen<\/span>\n\t<i class=\"icon-angle-right\" aria-hidden=\"true\"><\/i><\/a>\n\n\n\n              <\/div>\n           <\/div>\n                            \n<style>\n#text-box-1954069854 {\n  width: 60%;\n}\n#text-box-1954069854 .text-box-content {\n  font-size: 100%;\n}\n<\/style>\n    <\/div>\n \n\n        <\/div>\n      <\/div>\n\n            \n<style>\n#banner-411332646 {\n  padding-top: 60%;\n}\n#banner-411332646 .overlay {\n  background-color: rgba(0,0,0,.5);\n}\n<\/style>\n  <\/div>\n\n\n\n\t\t<\/div>\n\t\t\t\t\t<\/div>\n\n\t\n\n\t<div id=\"col-2070153461\" class=\"col medium-4 small-12 large-4\"  >\n\t\t\t\t<div class=\"col-inner\"  >\n\t\t\t\n\t\t\t\n\n\n  <div class=\"banner has-hover\" id=\"banner-763577801\">\n          <div class=\"banner-inner fill\">\n        <div class=\"banner-bg fill\" >\n            <img loading=\"lazy\" decoding=\"async\" width=\"1020\" height=\"680\" src=\"https:\/\/media.alandsbutiken.com\/storlekstabeller\/model-1246028_1920-1200x800.jpg\" class=\"bg attachment-large size-large\" alt=\"\" \/>                        <div class=\"overlay\"><\/div>            \n                    <\/div>\n\t\t\n        <div class=\"banner-layers container\">\n            <div class=\"fill banner-link\"><\/div>            \n\n   <div id=\"text-box-274876121\" class=\"text-box banner-layer x50 md-x50 lg-x50 y50 md-y50 lg-y50 res-text\">\n                                <div class=\"text-box-content text dark\">\n              \n              <div class=\"text-inner text-center\">\n                  \n\n<h2 class=\"uppercase\"><strong>MANN<\/strong><\/h2>\n<a class=\"button primary is-shade is-larger box-shadow-4 box-shadow-5-hover\" style=\"border-radius:10px;\">\n\t\t<span>Zeigen<\/span>\n\t<i class=\"icon-angle-right\" aria-hidden=\"true\"><\/i><\/a>\n\n\n\n              <\/div>\n           <\/div>\n                            \n<style>\n#text-box-274876121 {\n  width: 60%;\n}\n#text-box-274876121 .text-box-content {\n  font-size: 100%;\n}\n<\/style>\n    <\/div>\n \n\n        <\/div>\n      <\/div>\n\n            \n<style>\n#banner-763577801 {\n  padding-top: 60%;\n}\n#banner-763577801 .overlay {\n  background-color: rgba(0,0,0,.5);\n}\n<\/style>\n  <\/div>\n\n\n\n\t\t<\/div>\n\t\t\t\t\t<\/div>\n\n\t\n\n\t<div id=\"col-1418305090\" class=\"col medium-4 small-12 large-4\"  >\n\t\t\t\t<div class=\"col-inner\"  >\n\t\t\t\n\t\t\t\n\n\n  <div class=\"banner has-hover\" id=\"banner-1452431461\">\n          <div class=\"banner-inner fill\">\n        <div class=\"banner-bg fill\" >\n            <img loading=\"lazy\" decoding=\"async\" width=\"1020\" height=\"671\" src=\"https:\/\/media.alandsbutiken.com\/storlekstabeller\/photographer-920128_1280-1216x800.jpg\" class=\"bg attachment-large size-large\" alt=\"Kinder\" \/>                        <div class=\"overlay\"><\/div>            \n                    <\/div>\n\t\t\n        <div class=\"banner-layers container\">\n            <div class=\"fill banner-link\"><\/div>            \n\n   <div id=\"text-box-596772203\" class=\"text-box banner-layer x50 md-x50 lg-x50 y50 md-y50 lg-y50 res-text\">\n                                <div class=\"text-box-content text dark\">\n              \n              <div class=\"text-inner text-center\">\n                  \n\n<h2 class=\"uppercase\"><strong>KINDER<\/strong><\/h2>\n<a class=\"button primary is-shade is-larger box-shadow-4 box-shadow-5-hover\" style=\"border-radius:10px;\">\n\t\t<span>Zeigen<\/span>\n\t<i class=\"icon-angle-right\" aria-hidden=\"true\"><\/i><\/a>\n\n\n\n              <\/div>\n           <\/div>\n                            \n<style>\n#text-box-596772203 {\n  width: 60%;\n}\n#text-box-596772203 .text-box-content {\n  font-size: 100%;\n}\n<\/style>\n    <\/div>\n \n\n        <\/div>\n      <\/div>\n\n            \n<style>\n#banner-1452431461 {\n  padding-top: 60%;\n}\n#banner-1452431461 .overlay {\n  background-color: rgba(0,0,0,.5);\n}\n<\/style>\n  <\/div>\n\n\n\n\t\t<\/div>\n\t\t\t\t\t<\/div>\n\n\t\n\n<\/div>\n<div class=\"row\"  id=\"row-1368089860\">\n\n\n\t<div id=\"col-44447491\" class=\"col medium-6 small-12 large-6\"  >\n\t\t\t\t<div class=\"col-inner\"  >\n\t\t\t\n\t\t\t\n\n<h4>RICHTIG MESSEN IST GANZ EINFACH<\/h4><br><p>Bitte jemanden, dir beim Messen zu helfen.<br \/>Stehe entspannt; das Ma\u00dfband sollte direkt am K\u00f6rper bzw. \u00fcber der Unterw\u00e4sche anliegen.<\/p><br><p>Diese Gr\u00f6\u00dfentabellen dienen nur zur Orientierung. Die genaue Gr\u00f6\u00dfe kann je nach K\u00f6rperform leicht variieren.<\/p><br>\n\n\t\t<\/div>\n\t\t\t\t\t<\/div>\n\n\t\n\n\t<div id=\"col-427179274\" class=\"col medium-6 small-12 large-6\"  >\n\t\t\t\t<div class=\"col-inner\"  >\n\t\t\t\n\t\t\t\n\n<br><p><span class=\"fancy-underline\">Einige Hinweise:<\/span><\/p><br><ul>\r\n<li>K\u00f6rperl\u00e4nge: ohne Schuhe, vom h\u00f6chsten Punkt des Kopfes bis zur Fu\u00dfsohle. Am einfachsten ist es, sich an einen T\u00fcrpfosten zu lehnen.<\/li>\r\n<\/ul><br><ul>\r\n<li>Brustumfang: Messen Sie horizontal an der breitesten Stelle der Brust.<\/li>\r\n<\/ul><br><ul>\r\n<li>Taillenumfang: Messen Sie den Taillenumfang, ohne das Ma\u00dfband festzuziehen.<\/li>\r\n<\/ul><br><ul>\r\n<li>H\u00fcftumfang: Messen Sie mit dem Ma\u00dfband horizontal \u00fcber die breiteste Stelle Ihrer H\u00fcfte.<\/li>\r\n<\/ul><br><br>\n\n\t\t<\/div>\n\t\t\t\t\t<\/div>\n\n\t\n\n<\/div>\n\t<div id=\"text-1086433507\" class=\"text\">\n\t\t\n\n<h2>H\u00e4ufige Fragen zu Gr\u00f6\u00dfentabellen<\/h2><br><br><h3>Wie messe ich am einfachsten zu Hause?<\/h3><br><p>Bitte am besten jemanden, dir zu helfen, und stehe entspannt. Das Ma\u00dfband sollte nah am K\u00f6rper (\u00fcber d\u00fcnner Kleidung\/Unterw\u00e4sche) anliegen, ohne einzuschneiden.<\/p><br><br><h3>Kann ich umtauschen, wenn die Gr\u00f6\u00dfe nicht passt?<\/h3><br><p>Ja \u2013 siehe unsere Seite zu <a href=\"https:\/\/www.alandsbutiken.com\/de\/hilfe\/ruecksendungen-umtausch-bedingungen\/\">R\u00fcckgabe &amp; Umtausch<\/a> f\u00fcr Anleitungen und Bedingungen.<\/p><br><br><h3>Wie wirken sich Versand &amp; Lieferung aus, wenn ich mehrere Gr\u00f6\u00dfen bestelle?<\/h3><br><p>Siehe <a href=\"https:\/\/www.alandsbutiken.com\/de\/hilfe\/versand\/\">Versand &amp; Lieferung<\/a> f\u00fcr aktuelle Optionen und Lieferzeiten.<\/p><br><br><p>Wenn du mehr \u00fcber standardisierte Gr\u00f6\u00dfenkennzeichnung erfahren m\u00f6chtest, kannst du dir auch die EU-Norm EN 13402 ansehen (externe Ressource):<br \/>\r\n<a href=\"https:\/\/www.sis.se\/\" target=\"_blank\" rel=\"noopener noreferrer\">SIS \u2013 Swedish Standards Institute<\/a>.\r\n<\/p>\n\t\t\n<style>\n#text-1086433507 {\n  text-align: center;\n}\n<\/style>\n\t<\/div>\n\t\n\n","protected":false},"excerpt":{"rendered":"","protected":false},"author":1,"featured_media":0,"parent":4085,"menu_order":1,"comment_status":"closed","ping_status":"closed","template":"page-blank.php","meta":{"footnotes":""},"class_list":["post-4023","page","type-page","status-publish","hentry"],"aioseo_notices":[],"_links":{"self":[{"href":"https:\/\/www.alandsbutiken.com\/de\/wp-json\/wp\/v2\/pages\/4023","targetHints":{"allow":["GET"]}}],"collection":[{"href":"https:\/\/www.alandsbutiken.com\/de\/wp-json\/wp\/v2\/pages"}],"about":[{"href":"https:\/\/www.alandsbutiken.com\/de\/wp-json\/wp\/v2\/types\/page"}],"author":[{"embeddable":true,"href":"https:\/\/www.alandsbutiken.com\/de\/wp-json\/wp\/v2\/users\/1"}],"replies":[{"embeddable":true,"href":"https:\/\/www.alandsbutiken.com\/de\/wp-json\/wp\/v2\/comments?post=4023"}],"version-history":[{"count":2,"href":"https:\/\/www.alandsbutiken.com\/de\/wp-json\/wp\/v2\/pages\/4023\/revisions"}],"predecessor-version":[{"id":5075,"href":"https:\/\/www.alandsbutiken.com\/de\/wp-json\/wp\/v2\/pages\/4023\/revisions\/5075"}],"up":[{"embeddable":true,"href":"https:\/\/www.alandsbutiken.com\/de\/wp-json\/wp\/v2\/pages\/4085"}],"wp:attachment":[{"href":"https:\/\/www.alandsbutiken.com\/de\/wp-json\/wp\/v2\/media?parent=4023"}],"curies":[{"name":"wp","href":"https:\/\/api.w.org\/{rel}","templated":true}]}}