{"id":4102,"date":"2023-09-10T11:18:12","date_gmt":"2023-09-10T09:18:12","guid":{"rendered":"https:\/\/www.alandsbutiken.com\/hilfe\/versand\/"},"modified":"2026-01-12T18:03:35","modified_gmt":"2026-01-12T16:03:35","slug":"versand","status":"publish","type":"page","link":"https:\/\/www.alandsbutiken.com\/de\/hilfe\/versand\/","title":{"rendered":"Versand"},"content":{"rendered":"\n\n\t\t<div class=\"tabbed-content\">\n\t\t\t<h4 class=\"uppercase text-left\">Versandkosten<\/h4>\n\t\t\t<ul class=\"nav nav-tabs nav-uppercase nav-size-normal nav-left\" role=\"tablist\"><li id=\"tab-schweden\" class=\"tab active has-icon\" role=\"presentation\"><a href=\"#tab_schweden\" role=\"tab\" aria-selected=\"true\" aria-controls=\"tab_schweden\"><span>Schweden<\/span><\/a><\/li>\n<li id=\"tab-\u00c5land\" class=\"tab has-icon\" role=\"presentation\"><a href=\"#tab_\u00c5land\" tabindex=\"-1\" role=\"tab\" aria-selected=\"false\" aria-controls=\"tab_\u00c5land\"><span>\u00c5land<\/span><\/a><\/li>\n<li id=\"tab-europ\u00e4ische-union\" class=\"tab has-icon\" role=\"presentation\"><a href=\"#tab_europ\u00e4ische-union\" tabindex=\"-1\" role=\"tab\" aria-selected=\"false\" aria-controls=\"tab_europ\u00e4ische-union\"><span>Europ\u00e4ische Union<\/span><\/a><\/li>\n<li id=\"tab-international\" class=\"tab has-icon\" role=\"presentation\"><a href=\"#tab_international\" tabindex=\"-1\" role=\"tab\" aria-selected=\"false\" aria-controls=\"tab_international\"><span>International<\/span><\/a><\/li><\/ul><div class=\"tab-panels\"><div id=\"tab_schweden\" class=\"panel active entry-content\" role=\"tabpanel\" aria-labelledby=\"tab-schweden\">\n\n<div class=\"row row-box-shadow-3 row-box-shadow-5-hover\"  id=\"row-876139544\">\n\n\n\t<div id=\"col-898804365\" class=\"col medium-8 small-12 large-8\"  >\n\t\t\t\t<div class=\"col-inner\"  >\n\t\t\t\n\t\t\t\n\n<br><h3>Lieferungen nach Schweden<\/h3><br><p><strong>Hinweis!<\/strong> Wir versenden keine Bestellungen an Wochenenden oder an schwedischen Feiertagen.<\/p><br><br><h4>Lieferzeit und Lieferungen in mehreren Paketen<\/h4><br><p>Die normale Lieferzeit betr\u00e4gt in der Regel <strong>bis zu 1\u20132 Wochen<\/strong> ab Bestellung, abh\u00e4ngig von Lagerbestand und gew\u00e4hlter Versandart. In einigen F\u00e4llen kann eine Bestellung in <strong>mehrere Sendungen<\/strong> aufgeteilt werden (z. B. wenn Artikel aus verschiedenen Lagern versendet werden).<\/p><br><p>In manchen F\u00e4llen kann es bis zu <strong>10 Werktage<\/strong> dauern, bis Bestellungen unser Lager verlassen.<\/p><br><br><h4>Adresse und Verantwortung f\u00fcr die Lieferung<\/h4><br><p>Bitte pr\u00fcfe deine <strong>Lieferadresse<\/strong> im Checkout sorgf\u00e4ltig. <strong>Versandkosten werden nicht erstattet<\/strong>. \u00c5land Online \u00fcbernimmt keine Verantwortung f\u00fcr Pakete, die aufgrund einer falsch angegebenen Adresse verloren gehen oder zur\u00fcckgesendet werden.<\/p><br><p><strong>Wir liefern nicht an Postf\u00e4cher.<\/strong><\/p><br><br><h4>Sendungsverfolgung und wo ist mein Paket?<\/h4><br><p>Sobald deine Bestellung versendet wurde, erh\u00e4ltst du eine E-Mail mit einem <strong>Tracking-Link<\/strong>. Es kann bis zu <strong>48 Stunden<\/strong> dauern, bis die Sendungsverfolgung aktualisiert wird, nachdem das Paket beim Transporteur registriert wurde.<\/p><br><p>Wenn du dein Paket nicht findest: Kontaktiere zuerst den Transporteur \u00fcber den Tracking-Link oder deine lokale Postfiliale. Wenn du weiterhin Hilfe brauchst, schreibe uns an <a href=\"mailto:info@aland.se\">info@aland.se<\/a> und gib deine <strong>Bestellnummer<\/strong> an \u2013 dann helfen wir dir weiter.<\/p><br><br><h4>Wenn das Paket verloren zu sein scheint<\/h4><br><p>Wenn das Paket nicht auffindbar ist, k\u00f6nnen wir beim Transporteur einen Fall er\u00f6ffnen. Die Bearbeitungszeit kann <strong>ca. 2\u20133 Wochen<\/strong> ab Registrierung des Falls betragen.<\/p><br><br><h4>Eine Bestellung \u00e4ndern<\/h4><br><p><strong>Eine Bestellung kann nur am selben Tag ge\u00e4ndert werden, an dem sie aufgegeben wird.<\/strong><\/p><br><br><h4>Expressversand und schnellere Optionen<\/h4><br><p>Schnellere Versandoptionen k\u00f6nnen im Checkout verf\u00fcgbar sein. Preis und Verf\u00fcgbarkeit h\u00e4ngen vom Gewicht der Artikel und deiner Lieferadresse ab. Bitte beachte, dass Bestellungen, die am Freitag aufgegeben werden, in der Regel <strong>fr\u00fchestens am Montag<\/strong> versendet werden (auch bei Expressoptionen), da wir an Wochenenden oder Feiertagen nicht versenden.<\/p><br><p>M\u00f6chtest du mehr erfahren? Sieh dir auch unsere Seite zu <a href=\"https:\/\/www.alandsbutiken.com\/de\/hilfe\/versand\/\">Versand &amp; Lieferung<\/a> an.<\/p><br>\n\n\n\t\t<\/div>\n\t\t\t\t\n<style>\n#col-898804365 > .col-inner {\n  padding: 5px 5px 5px 5px;\n}\n<\/style>\n\t<\/div>\n\n\t\n\n\t<div id=\"col-1025826022\" class=\"col medium-4 small-12 large-4\"  >\n\t\t\t\t<div class=\"col-inner\"  >\n\t\t\t\n\t\t\t\n\n<br><table style=\"box-shadow: 2px 2px 7px 1px #333; padding: 5px;\">\r\n<tbody>\r\n<tr style=\"line-height: 1em;\">\r\n<td style=\"text-align: center;\" colspan=\"3\">\r\n<h3>VERSAND: EUROP\u00c4ISCHE UNION<\/h3>\r\n<\/td>\r\n<\/tr>\r\n<tr style=\"line-height: 1em;\">\r\n<td style=\"font-weight: 500; text-shadow: 1px 1px 1px #333;\">&nbsp;<\/td>\r\n<td>&nbsp;<\/td>\r\n<td>&nbsp;<\/td>\r\n<\/tr>\r\n<tr style=\"line-height: 1em;\">\r\n<td style=\"text-align: center; padding-top: 0; padding-bottom: 0;\" colspan=\"3\">Der Versand wird beim Bezahlvorgang automatisch berechnet<\/td>\r\n<\/tr>\r\n<tr style=\"line-height: 1em;\">\r\n<td style=\"font-weight: 500; text-shadow: 1px 1px 1px #333;\">&nbsp;<\/td>\r\n<td>&nbsp;<\/td>\r\n<td>&nbsp;<\/td>\r\n<\/tr>\r\n<tr style=\"line-height: 1em;\">\r\n<td style=\"text-align: center; padding-top: 0; padding-bottom: 0;\" colspan=\"3\">\r\n<hr><\/td>\r\n<\/tr>\r\n<tr>\r\n<td style=\"text-align: center; padding-top: 0; padding-bottom: 0;\" colspan=\"3\">Maximale Versandkosten: \u20ac 29,99 zzgl. MwSt.<\/td>\r\n<\/tr>\r\n<\/tbody>\r\n<\/table><br><br><br>\n\n\t\t<\/div>\n\t\t\t\t\n<style>\n#col-1025826022 > .col-inner {\n  padding: 0px 3px 0px 3px;\n}\n<\/style>\n\t<\/div>\n\n\t\n\n<\/div>\n\n<\/div>\n<div id=\"tab_\u00c5land\" class=\"panel entry-content\" role=\"tabpanel\" aria-labelledby=\"tab-\u00c5land\">\n\n<div class=\"row\"  id=\"row-1970796027\">\n\n\n\t<div id=\"col-803187957\" class=\"col medium-8 small-12 large-8\"  >\n\t\t\t\t<div class=\"col-inner\"  >\n\t\t\t\n\t\t\t\n\n<br><h3>Lieferungen nach \u00c5land<\/h3><br><p><strong>Hinweis!<\/strong> Wir versenden keine Bestellungen an Wochenenden oder Feiertagen.<\/p><br><br><h4>Lieferzeit und Lieferungen in mehreren Paketen<\/h4><br><p>Die normale Lieferzeit betr\u00e4gt in der Regel <strong>bis zu 1\u20132 Wochen<\/strong> ab Bestellung, abh\u00e4ngig von Lagerbestand und gew\u00e4hlter Versandart. In einigen F\u00e4llen kann eine Bestellung in <strong>mehrere Sendungen<\/strong> aufgeteilt werden (z. B. wenn Artikel aus verschiedenen Lagern versendet werden).<\/p><br><p>In manchen F\u00e4llen kann es bis zu <strong>10 Werktage<\/strong> dauern, bis Bestellungen unser Lager verlassen.<\/p><br><br><h4>Adresse, Telefonnummer und Verantwortung f\u00fcr die Lieferung<\/h4><br><p>Bitte pr\u00fcfe deine <strong>Lieferadresse<\/strong> im Checkout sorgf\u00e4ltig. Gib au\u00dferdem eine <strong>Telefonnummer tags\u00fcber<\/strong> an, unter der du erreichbar bist, falls der Transporteur dich bei Lieferproblemen kontaktieren muss.<\/p><br><p><strong>Versandkosten werden nicht erstattet.<\/strong> \u00c5land Online \u00fcbernimmt keine Verantwortung f\u00fcr Pakete, die aufgrund einer falsch angegebenen Adresse verloren gehen oder zur\u00fcckgesendet werden.<\/p><br><p><strong>Wir liefern nicht an Postf\u00e4cher.<\/strong><\/p><br><br><h4>Sendungsverfolgung und wo ist mein Paket?<\/h4><br><p>Sobald deine Bestellung versendet wurde, erh\u00e4ltst du eine E-Mail mit einem <strong>Tracking-Link<\/strong>. Es kann bis zu <strong>48 Stunden<\/strong> dauern, bis die Sendungsverfolgung aktualisiert wird, nachdem das Paket beim Transporteur registriert wurde.<\/p><br><p>Wenn du dein Paket nicht erh\u00e4ltst: Kontaktiere zuerst den Transporteur \u00fcber den Tracking-Link oder deine lokale Postfiliale. Wenn du weiterhin Hilfe brauchst, schreibe uns an <a href=\"mailto:info@aland.se\">info@aland.se<\/a> und gib deine <strong>Bestellnummer<\/strong> an \u2013 dann helfen wir dir weiter.<\/p><br><br><h4>Wenn das Paket verloren zu sein scheint<\/h4><br><p>Wenn das Paket nicht auffindbar ist, k\u00f6nnen wir beim Transporteur einen Fall er\u00f6ffnen. Die Bearbeitungszeit kann <strong>ca. 2\u20133 Wochen<\/strong> ab Registrierung des Falls betragen.<\/p><br><br><h4>Zur\u00fcckgesendete Pakete (unabh\u00e4ngig vom Grund)<\/h4><br><p><strong>Wenn ein Paket aus irgendeinem Grund an \u00c5land Online zur\u00fcckgesendet wird, wird nur der Warenwert erstattet.<\/strong> Das Paket wird nicht erneut versendet.<\/p><br><p><strong>Versandkosten (einschlie\u00dflich ggf. R\u00fccksendekosten) werden nicht erstattet.<\/strong><\/p><br><br><h4>Eine Bestellung \u00e4ndern<\/h4><br><p><strong>Eine Bestellung kann nur am selben Tag ge\u00e4ndert werden, an dem sie aufgegeben wird.<\/strong><\/p><br><br><h4>Expressversand und schnellere Optionen<\/h4><br><p>Schnellere Versandoptionen k\u00f6nnen im Checkout verf\u00fcgbar sein. Preis und Verf\u00fcgbarkeit h\u00e4ngen vom Gewicht der Artikel und deiner Lieferadresse ab.<\/p><br><p>Bitte beachte, dass Bestellungen, die am Freitag aufgegeben werden, in der Regel <strong>fr\u00fchestens am Montag<\/strong> versendet werden (auch bei Expressoptionen), da wir an Wochenenden oder Feiertagen nicht versenden.<\/p><br><p>M\u00f6chtest du mehr erfahren? Sieh dir auch unsere Seite zu <a href=\"https:\/\/www.alandsbutiken.com\/de\/hilfe\/versand\/\">Versand &amp; Lieferung<\/a> an.<\/p><br>\n\n\n\t\t<\/div>\n\t\t\t\t\n<style>\n#col-803187957 > .col-inner {\n  padding: 5px 5px 5px 5px;\n}\n<\/style>\n\t<\/div>\n\n\t\n\n\t<div id=\"col-1765592979\" class=\"col medium-4 small-12 large-4\"  >\n\t\t\t\t<div class=\"col-inner\"  >\n\t\t\t\n\t\t\t\n\n<table style=\"box-shadow: 2px 2px 7px 1px #333; padding: 5px;\">\r\n<tbody>\r\n<tr style=\"line-height: 1em;\">\r\n<td style=\"text-align: center;\" colspan=\"3\">\r\n<h3>VERSAND \u00c5LAND<\/h3>\r\n<\/td>\r\n<\/tr>\r\n<tr style=\"line-height: 1em;\">\r\n<td style=\"font-weight: 500; text-shadow: 1px 1px 1px #333;\">&nbsp;<\/td>\r\n<td>&nbsp;<\/td>\r\n<td>&nbsp;<\/td>\r\n<\/tr>\r\n<tr style=\"line-height: 1em;\">\r\n<td style=\"text-align: center; padding-top: 0; padding-bottom: 0;\" colspan=\"3\">Die Versandkosten werden im Checkout automatisch berechnet<\/td>\r\n<\/tr>\r\n<tr style=\"line-height: 1em;\">\r\n<td style=\"font-weight: 500; text-shadow: 1px 1px 1px #333;\">&nbsp;<\/td>\r\n<td>&nbsp;<\/td>\r\n<td>&nbsp;<\/td>\r\n<\/tr>\r\n<tr style=\"line-height: 1em;\">\r\n<td style=\"text-align: center; padding-top: 0; padding-bottom: 0;\" colspan=\"3\">\r\n<hr>\r\n<\/td>\r\n<\/tr>\r\n<tr>\r\n<td style=\"text-align: center; padding-top: 0; padding-bottom: 0;\" colspan=\"3\">Maximale Versandkosten: \u20ac 19,99 zzgl. MwSt.<\/td>\r\n<\/tr>\r\n<\/tbody>\r\n<\/table><br><br><p>Mit dem Abschluss deiner Bestellung erkl\u00e4rst du dich damit einverstanden, der Importeur des Pakets und deiner Bestellung zu sein. Damit \u00fcbernimmst du die volle Verantwortung f\u00fcr m\u00f6gliche zus\u00e4tzliche Einfuhrgeb\u00fchren.<\/p><br><p><strong>\u00c5land Online zahlt keine Einfuhrsteuern, Z\u00f6lle oder Bearbeitungsgeb\u00fchren, und wir schlie\u00dfen diese auch nicht in unsere Versandpreise ein.<\/strong><\/p><br><p>Wende dich an dein \u00f6rtliches Zollamt, um eine Sch\u00e4tzung dieser Geb\u00fchren zu erhalten. Du musst diese Geb\u00fchren bezahlen, damit dein Paket zugestellt werden kann. Wenn das Versandunternehmen die mit deiner Bestellung verbundenen Z\u00f6lle oder Bearbeitungsgeb\u00fchren nicht einziehen kann, wird das Paket entsorgt. In diesen F\u00e4llen erfolgt keine R\u00fcckerstattung.<\/p><br>\n\n\t\t<\/div>\n\t\t\t\t\t<\/div>\n\n\t\n\n<\/div>\n\n<\/div>\n<div id=\"tab_europ\u00e4ische-union\" class=\"panel entry-content\" role=\"tabpanel\" aria-labelledby=\"tab-europ\u00e4ische-union\">\n\n<div class=\"row\"  id=\"row-1630818973\">\n\n\n\t<div id=\"col-733271252\" class=\"col medium-8 small-12 large-8\"  >\n\t\t\t\t<div class=\"col-inner\"  >\n\t\t\t\n\t\t\t\n\n<br><h3>Lieferungen an Adressen innerhalb der Europ\u00e4ischen Union<\/h3><br><p><strong>Hinweis!<\/strong> Wir versenden keine Bestellungen an Wochenenden oder Feiertagen.<\/p><br><br><h4>Lieferzeit und Lieferungen in mehreren Paketen<\/h4><br><p>Die Lieferzeit innerhalb der EU betr\u00e4gt in der Regel <strong>bis zu 1\u20132 Wochen<\/strong> ab Bestellung, abh\u00e4ngig von Lagerbestand, Zielort und gew\u00e4hlter Versandart. In einigen F\u00e4llen kann deine Bestellung in <strong>mehrere Sendungen<\/strong> aufgeteilt werden (z. B. wenn Artikel aus verschiedenen Lagern versendet werden).<\/p><br><p>In manchen F\u00e4llen kann es bis zu <strong>10 Werktage<\/strong> dauern, bis Bestellungen unser Lager verlassen.<\/p><br><br><h4>Adresse und Verantwortung f\u00fcr die Lieferung<\/h4><br><p>Bitte pr\u00fcfe deine <strong>Lieferadresse<\/strong> im Checkout sorgf\u00e4ltig. <strong>Versandkosten werden nicht erstattet.<\/strong> \u00c5land Online \u00fcbernimmt keine Verantwortung f\u00fcr Pakete, die aufgrund einer falsch angegebenen Adresse verloren gehen oder zur\u00fcckgesendet werden.<\/p><br><p><strong>Wir liefern nicht an Postf\u00e4cher.<\/strong><\/p><br><br><h4>Sendungsverfolgung und wo ist mein Paket?<\/h4><br><p>Sobald deine Bestellung versendet wurde, erh\u00e4ltst du eine E-Mail mit einem <strong>Tracking-Link<\/strong>. Es kann bis zu <strong>48 Stunden<\/strong> dauern, bis die Sendungsverfolgung aktualisiert wird, nachdem das Paket beim Transporteur registriert wurde.<\/p><br><p>Wenn du dein Paket nicht erh\u00e4ltst: Kontaktiere zuerst den Transporteur \u00fcber den Tracking-Link oder deine lokale Postfiliale. Wenn du glaubst, dass das Paket verloren gegangen ist, schreibe uns an <a href=\"mailto:info@aland.se\">info@aland.se<\/a> und gib deine <strong>Bestellnummer<\/strong> an \u2013 dann helfen wir dir, den Fall zu pr\u00fcfen.<\/p><br><br><h4>Wenn das Paket verloren zu sein scheint<\/h4><br><p>Wenn das Paket nicht auffindbar ist, k\u00f6nnen wir beim Transporteur einen Fall er\u00f6ffnen. Die Bearbeitungszeit kann <strong>ca. 2\u20133 Wochen<\/strong> ab Registrierung des Falls betragen.<\/p><br><br><h4>Eine Bestellung \u00e4ndern<\/h4><br><p><strong>Eine Bestellung kann nur am selben Tag ge\u00e4ndert werden, an dem sie aufgegeben wird.<\/strong><\/p><br><br><h4>Expressversand und schnellere Optionen<\/h4><br><p>Schnellere Versandoptionen k\u00f6nnen im Checkout verf\u00fcgbar sein. Preis und Verf\u00fcgbarkeit h\u00e4ngen vom Gewicht der Artikel und deiner Lieferadresse ab.<\/p><br><p>Bitte beachte, dass Bestellungen, die am Freitag aufgegeben werden, in der Regel <strong>fr\u00fchestens am Montag<\/strong> versendet werden (auch bei Expressoptionen), da wir an Wochenenden oder Feiertagen nicht versenden.<\/p><br><p>M\u00f6chtest du mehr erfahren? Sieh dir auch unsere Seite zu <a href=\"https:\/\/www.alandsbutiken.com\/de\/hilfe\/versand\/\">Versand &amp; Lieferung<\/a> an.<\/p><br>\n\n\n\t\t<\/div>\n\t\t\t\t\n<style>\n#col-733271252 > .col-inner {\n  padding: 5px 5px 5px 5px;\n}\n<\/style>\n\t<\/div>\n\n\t\n\n\t<div id=\"col-1043395443\" class=\"col medium-4 small-12 large-4\"  >\n\t\t\t\t<div class=\"col-inner\"  >\n\t\t\t\n\t\t\t\n\n<table style=\"box-shadow: 2px 2px 7px 1px #333; padding: 5px;\">\r\n<tbody>\r\n<tr style=\"line-height: 1em;\">\r\n<td style=\"text-align: center;\" colspan=\"3\">\r\n<h3>VERSAND EUROP\u00c4ISCHE UNION<\/h3>\r\n<\/td>\r\n<\/tr>\r\n<tr style=\"line-height: 1em;\">\r\n<td style=\"font-weight: 500; text-shadow: 1px 1px 1px #333;\">&nbsp;<\/td>\r\n<td>&nbsp;<\/td>\r\n<td>&nbsp;<\/td>\r\n<\/tr>\r\n<tr style=\"line-height: 1em;\">\r\n<td style=\"text-align: center; padding-top: 0; padding-bottom: 0;\" colspan=\"3\">Die Versandkosten werden im Checkout automatisch berechnet<\/td>\r\n<\/tr>\r\n<tr style=\"line-height: 1em;\">\r\n<td style=\"font-weight: 500; text-shadow: 1px 1px 1px #333;\">&nbsp;<\/td>\r\n<td>&nbsp;<\/td>\r\n<td>&nbsp;<\/td>\r\n<\/tr>\r\n<tr style=\"line-height: 1em;\">\r\n<td style=\"text-align: center; padding-top: 0; padding-bottom: 0;\" colspan=\"3\">\r\n<hr>\r\n<\/td>\r\n<\/tr>\r\n<tr>\r\n<td style=\"text-align: center; padding-top: 0; padding-bottom: 0;\" colspan=\"3\">Maximale Versandkosten: \u20ac 29,99 zzgl. MwSt.<\/td>\r\n<\/tr>\r\n<\/tbody>\r\n<\/table><br>\n\n\t\t<\/div>\n\t\t\t\t\t<\/div>\n\n\t\n\n<\/div>\n\n<\/div>\n<div id=\"tab_international\" class=\"panel entry-content\" role=\"tabpanel\" aria-labelledby=\"tab-international\">\n\n<div class=\"row\"  id=\"row-59209479\">\n\n\n\t<div id=\"col-387385612\" class=\"col medium-8 small-12 large-8\"  >\n\t\t\t\t<div class=\"col-inner\"  >\n\t\t\t\n\t\t\t\n\n<br><h3>Lieferungen an internationale Adressen au\u00dferhalb der EU<\/h3><br><p><strong>Wichtig:<\/strong> F\u00fcr Bestellungen, die an Adressen <strong>au\u00dferhalb der EU<\/strong> versendet werden, gilt: <strong>Internationale Verk\u00e4ufe sind endg\u00fcltig<\/strong>. Das bedeutet, dass <strong>R\u00fccksendungen und Umtausch in der Regel nicht akzeptiert werden<\/strong> (siehe Ausnahme bei Reklamationen unten).<\/p><br><p><strong>Hinweis!<\/strong> Wir versenden keine Bestellungen an Wochenenden oder schwedischen Feiertagen.<\/p><br><br><h4>Lagerbestand<\/h4><br><p>Wenn ein von dir bestellter Artikel nicht auf Lager ist, kontaktieren wir dich mit einem voraussichtlichen Lieferdatum oder helfen dir, ein alternatives Produkt auszuw\u00e4hlen.<\/p><br><br><h4>Adresse und Kontaktdaten<\/h4><br><p>Bitte stelle sicher, dass die Lieferadresse korrekt ist und dass der Postdienst deines Landes an die Adresse <strong>genau<\/strong> so liefert, wie du sie angegeben hast. Gib au\u00dferdem eine <strong>Telefonnummer tags\u00fcber<\/strong> an, damit der Transporteur dich bei Lieferproblemen erreichen kann.<\/p><br><p><strong>Wenn ein Paket aus irgendeinem Grund an \u00c5land Online zur\u00fcckgesendet wird<\/strong>, wird <strong>nur der Warenwert<\/strong> erstattet. Das Paket wird nicht erneut versendet. <strong>Versandkosten (einschlie\u00dflich R\u00fccksendekosten) werden nicht erstattet.<\/strong><\/p><br><br><h4>Zoll, Einfuhrumsatzsteuer und Geb\u00fchren<\/h4><br><p>Mit dem Abschluss deiner Bestellung erkl\u00e4rst du dich damit einverstanden, der <strong>Importeur<\/strong> der Sendung zu sein. Das bedeutet, dass du f\u00fcr <strong>Einfuhrumsatzsteuer, Zoll sowie m\u00f6gliche Verwaltungs- oder Abfertigungs-\/Maklergeb\u00fchren<\/strong> verantwortlich bist, die anfallen k\u00f6nnen.<\/p><br><p><strong>\u00c5land Online zahlt keine<\/strong> Einfuhrumsatzsteuer, Z\u00f6lle oder Abfertigungs-\/Maklergeb\u00fchren, und diese sind <strong>nicht<\/strong> in unseren Versandpreisen enthalten.<\/p><br><p>Bitte kontaktiere dein <strong>\u00f6rtliches Zollamt<\/strong>, um vor der Bestellung eine Sch\u00e4tzung der Geb\u00fchren zu erhalten. Diese Geb\u00fchren m\u00fcssen in der Regel bezahlt werden, damit das Paket zugestellt werden kann.<\/p><br><p>Wenn das Versandunternehmen die mit deiner Bestellung verbundenen Geb\u00fchren nicht einziehen kann, kann das Paket in einigen F\u00e4llen gem\u00e4\u00df lokalen Vorschriften <strong>zur\u00fcckgesendet, zur\u00fcckgehalten oder entsorgt<\/strong> werden. In solchen F\u00e4llen erfolgt <strong>keine R\u00fcckerstattung<\/strong>.<\/p><br><br><h4>R\u00fccksendungen, Umtausch und Reklamationen<\/h4><br><p><strong>R\u00fccksendungen und Umtausch werden nicht akzeptiert<\/strong> f\u00fcr internationale Bestellungen au\u00dferhalb der EU.<\/p><br><p>Wenn deine Bestellung <strong>falsche oder defekte<\/strong> Artikel enth\u00e4lt, kontaktiere uns bitte innerhalb von <strong>drei (3) Werktagen<\/strong> nach der Lieferung, und wir helfen dir weiter:<\/p><br><p>E-Mail: <a href=\"mailto:info@aland.se\">info@aland.se<\/a><\/p><br><br><h4>Versandprozess und Lieferzeit<\/h4><br><p>Internationale Bestellungen werden mit einem Transporteur versendet, den wir ausw\u00e4hlen. Sendungen k\u00f6nnen von <strong>Zollbeh\u00f6rden<\/strong> bearbeitet werden, bevor sie an die lokale Zustellung \u00fcbergeben werden, was die Lieferzeit beeinflussen kann.<\/p><br><p>Da die Zollabfertigung je nach Land variiert, ist ein genaues Lieferdatum oft <strong>schwer zu garantieren<\/strong>.<\/p><br><br><h4>Sendungsverfolgung<\/h4><br><p>Wenn m\u00f6glich, senden wir dir nach dem Versand deiner Bestellung per E-Mail einen Tracking-Link. Es kann bis zu <strong>48 Stunden<\/strong> dauern, bis die Sendungsverfolgung aktualisiert wird, nachdem die Sendung beim Transporteur registriert wurde.<\/p><br>\n\n\n\t\t<\/div>\n\t\t\t\t\n<style>\n#col-387385612 > .col-inner {\n  padding: 5px 5px 5px 5px;\n}\n<\/style>\n\t<\/div>\n\n\t\n\n\t<div id=\"col-380230967\" class=\"col medium-4 small-12 large-4\"  >\n\t\t\t\t<div class=\"col-inner\"  >\n\t\t\t\n\t\t\t\n\n<br><table style=\"box-shadow: 2px 2px 7px 1px #333; padding: 5px;\">\r\n<tbody>\r\n<tr style=\"line-height: 1em;\">\r\n<td style=\"text-align: center;\" colspan=\"3\">\r\n<h3>INTERNATIONALE VERSANDPREISE<\/h3>\r\n<\/td>\r\n<\/tr>\r\n<tr style=\"line-height: 1em;\">\r\n<td style=\"font-weight: 500; text-shadow: 1px 1px 1px #333;\">&nbsp;<\/td>\r\n<td>&nbsp;<\/td>\r\n<td>&nbsp;<\/td>\r\n<\/tr>\r\n<tr style=\"line-height: 1em;\">\r\n<td style=\"text-align: center; padding-top: 0; padding-bottom: 0;\" colspan=\"3\">Die Versandkosten werden im Checkout automatisch berechnet<\/td>\r\n<\/tr>\r\n<tr style=\"line-height: 1em;\">\r\n<td style=\"font-weight: 500; text-shadow: 1px 1px 1px #333;\">&nbsp;<\/td>\r\n<td>&nbsp;<\/td>\r\n<td>&nbsp;<\/td>\r\n<\/tr>\r\n<tr style=\"line-height: 1em;\">\r\n<td style=\"text-align: center; padding-top: 0; padding-bottom: 0;\" colspan=\"3\">\r\n<hr>\r\n<\/td>\r\n<\/tr>\r\n<\/tbody>\r\n<\/table><br>\n\n\t\t<\/div>\n\t\t\t\t\t<\/div>\n\n\t\n\n<\/div>\n\n<\/div><\/div><\/div>\n\n","protected":false},"excerpt":{"rendered":"<p>Sehen Sie sich unsere etablierten Versandoptionen und -bedingungen an. Tracking-Funktionen und unsere R\u00fcckgabebedingungen f\u00fcr ein problemloses Einkaufserlebnis.<\/p>\n","protected":false},"author":1,"featured_media":0,"parent":4085,"menu_order":2,"comment_status":"closed","ping_status":"closed","template":"","meta":{"footnotes":""},"class_list":["post-4102","page","type-page","status-publish","hentry"],"aioseo_notices":[],"_links":{"self":[{"href":"https:\/\/www.alandsbutiken.com\/de\/wp-json\/wp\/v2\/pages\/4102","targetHints":{"allow":["GET"]}}],"collection":[{"href":"https:\/\/www.alandsbutiken.com\/de\/wp-json\/wp\/v2\/pages"}],"about":[{"href":"https:\/\/www.alandsbutiken.com\/de\/wp-json\/wp\/v2\/types\/page"}],"author":[{"embeddable":true,"href":"https:\/\/www.alandsbutiken.com\/de\/wp-json\/wp\/v2\/users\/1"}],"replies":[{"embeddable":true,"href":"https:\/\/www.alandsbutiken.com\/de\/wp-json\/wp\/v2\/comments?post=4102"}],"version-history":[{"count":2,"href":"https:\/\/www.alandsbutiken.com\/de\/wp-json\/wp\/v2\/pages\/4102\/revisions"}],"predecessor-version":[{"id":5086,"href":"https:\/\/www.alandsbutiken.com\/de\/wp-json\/wp\/v2\/pages\/4102\/revisions\/5086"}],"up":[{"embeddable":true,"href":"https:\/\/www.alandsbutiken.com\/de\/wp-json\/wp\/v2\/pages\/4085"}],"wp:attachment":[{"href":"https:\/\/www.alandsbutiken.com\/de\/wp-json\/wp\/v2\/media?parent=4102"}],"curies":[{"name":"wp","href":"https:\/\/api.w.org\/{rel}","templated":true}]}}