{"id":4104,"date":"2023-09-10T11:18:15","date_gmt":"2023-09-10T09:18:15","guid":{"rendered":"https:\/\/www.alandsbutiken.com\/hilfe\/kontakt\/"},"modified":"2025-12-15T16:08:09","modified_gmt":"2025-12-15T14:08:09","slug":"kontakt","status":"publish","type":"page","link":"https:\/\/www.alandsbutiken.com\/de\/hilfe\/kontakt\/","title":{"rendered":"Kontakt"},"content":{"rendered":"\n\n\t<script type=\"text\/javascript\">\n  jQuery( document ).ready(function() {\n    function initialize() {\n        var styles = {\n            'flatsome':  [{\n            \"featureType\": \"administrative\",\n            \"stylers\": [\n              { \"visibility\": \"on\" }\n            ]\n          },\n          {\n            \"featureType\": \"road\",\n            \"stylers\": [\n              { \"visibility\": \"on\" },\n              { \"hue\": \"\" }\n            ]\n          },\n          {\n            \"stylers\": [\n\t\t\t  { \"visibility\": \"on\" },\n\t\t\t  { \"hue\": \"\" },\n\t\t\t  { \"saturation\": -30 }\n            ]\n          }\n        ]};\n\n        var myLatlng = new google.maps.LatLng(58.670785823186, 16.16582638262);\n        var myOptions = {\n            zoom: 9,\n            center: myLatlng,\n            mapTypeId: google.maps.MapTypeId.ROADMAP,\n            disableDefaultUI: true,\n            mapTypeId: 'flatsome',\n            draggable: true,\n            zoomControl: false,\n            zoomControlOptions: {\n              position: google.maps.ControlPosition.TOP_LEFT\n            },\n      \t\t\tmapTypeControl: false,\n            mapTypeControlOptions: {\n              position: google.maps.ControlPosition.TOP_LEFT\n            },\n      \t\t\tstreetViewControl: false,\n            streetViewControlOptions: {\n              position: google.maps.ControlPosition.TOP_LEFT\n            },\n            scrollwheel: false,\n            disableDoubleClickZoom: true\n        }\n        var map = new google.maps.Map(document.getElementById(\"map-265433524-inner\"), myOptions);\n        var styledMapType = new google.maps.StyledMapType(styles['flatsome'], {name: 'flatsome'});\n        map.mapTypes.set('flatsome', styledMapType);\n\n        var marker = new google.maps.Marker({\n            position: myLatlng,\n            map: map,\n            title:\"\"\n        });\n    }\n\n    \/\/ Required to proceed\n    if (!(typeof google === 'object' && typeof google.maps === 'object')) {\n      return\n    }\n\n    initialize()\n    google.maps.event.addDomListener(window, 'resize', initialize);\n    });\n    <\/script>\n\n    <div class=\"google-map relative mb\" id=\"map-265433524\">\n        <div class=\"map-height\" id=\"map-265433524-inner\"><\/div>\n        <div id=\"map_overlay_top\"><\/div>\n        <div id=\"map_overlay_bottom\"><\/div>\n                  <div class=\"map_inner map-inner last-reset absolute x95 md-x95 lg-x95 y95 md-y95 lg-y95\">\n              <br><br><h2 style=\"text-align: center;\"><img loading=\"lazy\" decoding=\"async\" class=\"wp-image-3094 aligncenter\" src=\"https:\/\/media.alandsbutiken.com\/logotype\/heart_logo_300x226.png\" alt=\"\" width=\"121\" height=\"91\"><br \/>\u00c5landsbutiken by \u00c5land Online<\/h2><br><h4 style=\"text-align: center;\">K\u00e4llhagsv\u00e4gen 20, 616 30 Norrk\u00f6ping, Schweden<\/h4><br><p style=\"text-align: center;\">Der Kundenservice ist Montag\u2013Freitag, 9\u201317 Uhr ge\u00f6ffnet<\/p><br><br>         <\/div>\n       \n       \n<style>\n#map-265433524 .map-inner {\n  background-color: #fff;\n  max-width: 30%;\n}\n#map-265433524 .map-height {\n  height: 400px;\n}\n<\/style>\n    <\/div>\n\n\t<br>\n<div class=\"row\"  id=\"row-360661164\">\n\n\n\t<div id=\"col-13175608\" class=\"col medium-6 large-6\"  >\n\t\t\t\t<div class=\"col-inner\"  >\n\t\t\t\n\t\t\t\n\n<div class=\"container section-title-container\" ><h3 class=\"section-title section-title-normal\"><b aria-hidden=\"true\"><\/b><span class=\"section-title-main\" >H\u00e4ufig gestellte Fragen \u2013 FAQ<\/span><b aria-hidden=\"true\"><\/b><\/h3><\/div>\n\n<p class=\"lead\">Bitte lesen Sie unsere \u201eH\u00e4ufig gestellten Fragen\u201c, bevor Sie unseren Kundenservice kontaktieren. Sollten Sie dort keine Antwort finden, helfen wir Ihnen gerne bei Ihren Fragen weiter!<\/p>\n<div class=\"accordion\">\n\n\t<div id=\"accordion-1433232545\" class=\"accordion-item\">\n\t\t<a id=\"accordion-1433232545-label\" class=\"accordion-title plain\" href=\"#accordion-item-wie-viel-kostet-der-versand?\" aria-expanded=\"false\" aria-controls=\"accordion-1433232545-content\">\n\t\t\t<button class=\"toggle\" aria-label=\"Umschalten\"><i class=\"icon-angle-down\" aria-hidden=\"true\"><\/i><\/button>\n\t\t\t<span>Wie viel kostet der Versand?<\/span>\n\t\t<\/a>\n\t\t<div id=\"accordion-1433232545-content\" class=\"accordion-inner\" aria-labelledby=\"accordion-1433232545-label\">\n\t\t\t\n\n<br><p>Weitere Informationen zu unseren Versandkosten finden Sie <a href=\"https:\/\/www.alandsbutiken.com\/de\/hilfe\/versand\/\">hier<\/a>.<\/p><br><br>\n\n\t\t<\/div>\n\t<\/div>\n\t\n\t<div id=\"accordion-693603896\" class=\"accordion-item\">\n\t\t<a id=\"accordion-693603896-label\" class=\"accordion-title plain\" href=\"#accordion-item-welche-zahlungsarten-werden-akzeptiert?\" aria-expanded=\"false\" aria-controls=\"accordion-693603896-content\">\n\t\t\t<button class=\"toggle\" aria-label=\"Umschalten\"><i class=\"icon-angle-down\" aria-hidden=\"true\"><\/i><\/button>\n\t\t\t<span>Welche Zahlungsarten werden akzeptiert?<\/span>\n\t\t<\/a>\n\t\t<div id=\"accordion-693603896-content\" class=\"accordion-inner\" aria-labelledby=\"accordion-693603896-label\">\n\t\t\t\n\n<br><p>VISA und Mastercard<\/p><br><br>\n\n\t\t<\/div>\n\t<\/div>\n\t\n\t<div id=\"accordion-2212036390\" class=\"accordion-item\">\n\t\t<a id=\"accordion-2212036390-label\" class=\"accordion-title plain\" href=\"#accordion-item-wie-lange-dauert-die-lieferung?\" aria-expanded=\"false\" aria-controls=\"accordion-2212036390-content\">\n\t\t\t<button class=\"toggle\" aria-label=\"Umschalten\"><i class=\"icon-angle-down\" aria-hidden=\"true\"><\/i><\/button>\n\t\t\t<span>Wie lange dauert die Lieferung?<\/span>\n\t\t<\/a>\n\t\t<div id=\"accordion-2212036390-content\" class=\"accordion-inner\" aria-labelledby=\"accordion-2212036390-label\">\n\t\t\t\n\n<br><p>Je nachdem, welches Produkt Sie gekauft haben, ist die Lieferzeit etwas unterschiedlich, Sie erhalten jedoch immer eine Sendungsverfolgungsnummer, damit Sie Ihren Bestellstatus verfolgen k\u00f6nnen.<\/p><br><p>Normalerweise dauert es nicht l\u00e4nger als 2 Wochen, bis der Artikel an Sie geliefert wird.<\/p><br><br>\n\n\t\t<\/div>\n\t<\/div>\n\t\n\t<div id=\"accordion-1041796415\" class=\"accordion-item\">\n\t\t<a id=\"accordion-1041796415-label\" class=\"accordion-title plain\" href=\"#accordion-item-wie-sicher-ist-es,-im-\u00c5land-shop-einzukaufen?-sind-meine-daten-gesch\u00fctzt?\" aria-expanded=\"false\" aria-controls=\"accordion-1041796415-content\">\n\t\t\t<button class=\"toggle\" aria-label=\"Umschalten\"><i class=\"icon-angle-down\" aria-hidden=\"true\"><\/i><\/button>\n\t\t\t<span>Wie sicher ist es, im \u00c5land-Shop einzukaufen? Sind meine Daten gesch\u00fctzt?<\/span>\n\t\t<\/a>\n\t\t<div id=\"accordion-1041796415-content\" class=\"accordion-inner\" aria-labelledby=\"accordion-1041796415-label\">\n\t\t\t\n\n<br><p>Wir verwenden verschl\u00fcsselte Transaktionen und unsere Seiten sind durch HTTPS-Transaktionen gesch\u00fctzt.<br>Weitere Informationen dar\u00fcber, wie wir Ihre personenbezogenen Daten verarbeiten, finden Sie in unserer <a href=\"https:\/\/www.alandsbutiken.com\/de\/allgemeine-geschaeftsbedingungen\/datenschutzerklaerung\/\">Datenschutzerkl\u00e4rung<\/a>.<\/p><br><br>\n\n\t\t<\/div>\n\t<\/div>\n\t\n\t<div id=\"accordion-149966521\" class=\"accordion-item\">\n\t\t<a id=\"accordion-149966521-label\" class=\"accordion-title plain\" href=\"#accordion-item-was-genau-passiert-nach-der-bestellung?\" aria-expanded=\"false\" aria-controls=\"accordion-149966521-content\">\n\t\t\t<button class=\"toggle\" aria-label=\"Umschalten\"><i class=\"icon-angle-down\" aria-hidden=\"true\"><\/i><\/button>\n\t\t\t<span>Was genau passiert nach der Bestellung?<\/span>\n\t\t<\/a>\n\t\t<div id=\"accordion-149966521-content\" class=\"accordion-inner\" aria-labelledby=\"accordion-149966521-label\">\n\t\t\t\n\n<br><p>Sobald wir Ihre Bestellung erhalten haben, beginnen wir mit der Bearbeitung Ihrer Bestellung. In manchen F\u00e4llen fertigen wir es vor der Auslieferung, in anderen F\u00e4llen versenden wir es direkt aus unserem Lager.<br>Das h\u00e4ngt von dem Artikel ab, den Sie gekauft haben.<\/p><br><br>\n\n\t\t<\/div>\n\t<\/div>\n\t\n\t<div id=\"accordion-3342027702\" class=\"accordion-item\">\n\t\t<a id=\"accordion-3342027702-label\" class=\"accordion-title plain\" href=\"#accordion-item-kann-ich-meine-bestellung-per-rechnung-bezahlen?\" aria-expanded=\"false\" aria-controls=\"accordion-3342027702-content\">\n\t\t\t<button class=\"toggle\" aria-label=\"Umschalten\"><i class=\"icon-angle-down\" aria-hidden=\"true\"><\/i><\/button>\n\t\t\t<span>Kann ich meine Bestellung per Rechnung bezahlen?<\/span>\n\t\t<\/a>\n\t\t<div id=\"accordion-3342027702-content\" class=\"accordion-inner\" aria-labelledby=\"accordion-3342027702-label\">\n\t\t\t\n\n<br><p>Nein,<br>Das \u00c5land-Shop akzeptiert zum Zeitpunkt der Bestellung nur Kartenzahlungen.<\/p><br><br>\n\n\t\t<\/div>\n\t<\/div>\n\t\n\n<\/div>\n\n\t\t<\/div>\n\t\t\t\t\t<\/div>\n\n\t\n\n\t<div id=\"col-1998517856\" class=\"col medium-6 large-6\"  >\n\t\t\t\t<div class=\"col-inner\"  >\n\t\t\t\n\t\t\t\n\n<div class=\"container section-title-container\" ><h3 class=\"section-title section-title-normal\"><b aria-hidden=\"true\"><\/b><span class=\"section-title-main\" >Eine Nachricht schicken<\/span><b aria-hidden=\"true\"><\/b><\/h3><\/div>\n\n\n<div class=\"wpcf7 no-js\" id=\"wpcf7-f12-o1\" lang=\"en-US\" dir=\"ltr\" data-wpcf7-id=\"12\">\n<div class=\"screen-reader-response\"><p role=\"status\" aria-live=\"polite\" aria-atomic=\"true\"><\/p> <ul><\/ul><\/div>\n<form action=\"\/de\/wp-json\/wp\/v2\/pages\/4104#wpcf7-f12-o1\" method=\"post\" class=\"wpcf7-form init\" aria-label=\"Contact form\" novalidate=\"novalidate\" data-status=\"init\">\n<fieldset class=\"hidden-fields-container\"><input type=\"hidden\" name=\"_wpcf7\" value=\"12\" \/><input type=\"hidden\" name=\"_wpcf7_version\" value=\"6.1.5\" \/><input type=\"hidden\" name=\"_wpcf7_locale\" value=\"en_US\" \/><input type=\"hidden\" name=\"_wpcf7_unit_tag\" value=\"wpcf7-f12-o1\" \/><input type=\"hidden\" name=\"_wpcf7_container_post\" value=\"0\" \/><input type=\"hidden\" name=\"_wpcf7_posted_data_hash\" value=\"\" \/><input type=\"hidden\" name=\"_wpcf7_recaptcha_response\" value=\"\" \/>\n<\/fieldset>\n<p><label>Your name (required)<\/label><br \/>\n<span class=\"wpcf7-form-control-wrap\" data-name=\"your-name\"><input size=\"40\" maxlength=\"400\" class=\"wpcf7-form-control wpcf7-text wpcf7-validates-as-required\" aria-required=\"true\" aria-invalid=\"false\" value=\"\" type=\"text\" name=\"your-name\" \/><\/span>\n<\/p>\n<p><label>Your email (required)<\/label><br \/>\n<span class=\"wpcf7-form-control-wrap\" data-name=\"your-email\"><input size=\"40\" maxlength=\"400\" class=\"wpcf7-form-control wpcf7-email wpcf7-validates-as-required wpcf7-text wpcf7-validates-as-email\" aria-required=\"true\" aria-invalid=\"false\" value=\"\" type=\"email\" name=\"your-email\" \/><\/span>\n<\/p>\n<p><label>Your message (required)<\/label><br \/>\n<span class=\"wpcf7-form-control-wrap\" data-name=\"your-message\"><textarea cols=\"40\" rows=\"10\" maxlength=\"2000\" class=\"wpcf7-form-control wpcf7-textarea\" aria-invalid=\"false\" name=\"your-message\"><\/textarea><\/span>\n<\/p>\n<p><input class=\"wpcf7-form-control wpcf7-submit has-spinner button\" type=\"submit\" value=\"Submit\" \/>\n<\/p><div class=\"wpcf7-response-output\" aria-hidden=\"true\"><\/div>\n<\/form>\n<\/div>\n\n\n\n\t\t<\/div>\n\t\t\t\t\t<\/div>\n\n\t\n\n<\/div>\n<p>&nbsp;<\/p>\n\n","protected":false},"excerpt":{"rendered":"","protected":false},"author":1,"featured_media":0,"parent":4085,"menu_order":0,"comment_status":"closed","ping_status":"closed","template":"page-blank.php","meta":{"footnotes":""},"class_list":["post-4104","page","type-page","status-publish","hentry"],"aioseo_notices":[],"_links":{"self":[{"href":"https:\/\/www.alandsbutiken.com\/de\/wp-json\/wp\/v2\/pages\/4104","targetHints":{"allow":["GET"]}}],"collection":[{"href":"https:\/\/www.alandsbutiken.com\/de\/wp-json\/wp\/v2\/pages"}],"about":[{"href":"https:\/\/www.alandsbutiken.com\/de\/wp-json\/wp\/v2\/types\/page"}],"author":[{"embeddable":true,"href":"https:\/\/www.alandsbutiken.com\/de\/wp-json\/wp\/v2\/users\/1"}],"replies":[{"embeddable":true,"href":"https:\/\/www.alandsbutiken.com\/de\/wp-json\/wp\/v2\/comments?post=4104"}],"version-history":[{"count":2,"href":"https:\/\/www.alandsbutiken.com\/de\/wp-json\/wp\/v2\/pages\/4104\/revisions"}],"predecessor-version":[{"id":4903,"href":"https:\/\/www.alandsbutiken.com\/de\/wp-json\/wp\/v2\/pages\/4104\/revisions\/4903"}],"up":[{"embeddable":true,"href":"https:\/\/www.alandsbutiken.com\/de\/wp-json\/wp\/v2\/pages\/4085"}],"wp:attachment":[{"href":"https:\/\/www.alandsbutiken.com\/de\/wp-json\/wp\/v2\/media?parent=4104"}],"curies":[{"name":"wp","href":"https:\/\/api.w.org\/{rel}","templated":true}]}}